{"id":7636,"date":"2020-11-25T12:56:45","date_gmt":"2020-11-25T12:56:45","guid":{"rendered":"http:\/\/leonard-novy.de\/?page_id=7636"},"modified":"2021-05-26T11:13:19","modified_gmt":"2021-05-26T11:13:19","slug":"home","status":"publish","type":"page","link":"https:\/\/leonard-novy.de\/en\/","title":{"rendered":"Home"},"content":{"rendered":"<section class=\"wpb-content-wrapper\"><section class=\"vc_row wpb_row vc_row-fluid bg-light not-equal not-color vc_custom_1606311703621\"><div class=\" container \"><div class=\"row \"><div class=\"wpb_column vc_column_container vc_col-sm-12\"><div class=\"vc_column-inner vc_custom_1606311698491\"><div class=\"wpb_wrapper\">\n\t<div class=\"wpb_text_column wpb_content_element \" >\n\t\t<div class=\"wpb_wrapper\">\n\t\t\t\n\t\t\t<!-- START finalslider REVOLUTION SLIDER 6.6.3 --><p class=\"rs-p-wp-fix\"><\/p>\n\t\t\t<rs-module-wrap id=\"rev_slider_2_1_wrapper\" data-source=\"gallery\" style=\"visibility:hidden;background:transparent;padding:0;\">\n\t\t\t\t<rs-module id=\"rev_slider_2_1\" style=\"\" data-version=\"6.6.3\">\n\t\t\t\t\t<rs-slides style=\"overflow: hidden; position: absolute;\">\n\t\t\t\t\t\t<rs-slide style=\"position: absolute;\" data-key=\"rs-2\" data-title=\"Slide\" data-anim=\"ms:240;r:0;\" data-in=\"o:0;\" data-out=\"a:false;\">\n\t\t\t\t\t\t\t<img decoding=\"async\" src=\"\/\/leonard-novy.de\/wp-content\/plugins\/revslider\/public\/assets\/assets\/dummy.png\" alt=\"\" title=\"_DSC0828\" width=\"2560\" height=\"1708\" class=\"rev-slidebg tp-rs-img rs-lazyload\" data-lazyload=\"\/\/leonard-novy.de\/wp-content\/uploads\/2020\/11\/DSC0828-scaled.jpg\" data-no-retina>\n<!--\n\t\t\t\t\t\t\t--><rs-layer\n\t\t\t\t\t\t\t\tid=\"slider-2-slide-2-layer-8\" \n\t\t\t\t\t\t\t\tdata-type=\"text\"\n\t\t\t\t\t\t\t\tdata-color=\"#fff\"\n\t\t\t\t\t\t\t\tdata-rsp_ch=\"on\"\n\t\t\t\t\t\t\t\tdata-xy=\"x:r;xo:40px,40px,20px,20px;y:b;yo:430px,415px,440px,270px;\"\n\t\t\t\t\t\t\t\tdata-text=\"w:normal;s:90,85,80,57;l:45,32,24,14;ls:2,1,0,0;fw:300;a:right;\"\n\t\t\t\t\t\t\t\tdata-dim=\"minh:0px,none,none,none;\"\n\t\t\t\t\t\t\t\tdata-actions='o:click;a:scrollbelow;sp:1000ms;e:power1.inOut;'\n\t\t\t\t\t\t\t\tdata-basealign=\"slide\"\n\t\t\t\t\t\t\t\tdata-frame_1=\"y:50px,36px,27px,16px;st:250;sp:460;sR:250;\"\n\t\t\t\t\t\t\t\tdata-frame_999=\"o:0;st:w;sR:8290;\"\n\t\t\t\t\t\t\t\tstyle=\"z-index:12;font-family:'theinhardt';\"\n\t\t\t\t\t\t\t>Strategy \n\t\t\t\t\t\t\t<\/rs-layer><!--\n\n\t\t\t\t\t\t\t--><rs-layer\n\t\t\t\t\t\t\t\tid=\"slider-2-slide-2-layer-10\" \n\t\t\t\t\t\t\t\tdata-type=\"text\"\n\t\t\t\t\t\t\t\tdata-color=\"#fff\"\n\t\t\t\t\t\t\t\tdata-rsp_ch=\"on\"\n\t\t\t\t\t\t\t\tdata-xy=\"x:r;xo:40px,40px,20px,20px;y:b;yo:310px,287px,330px,190px;\"\n\t\t\t\t\t\t\t\tdata-text=\"w:normal;s:90,85,80,57;l:45,32,24,14;ls:2,1,0,0;fw:300;a:right;\"\n\t\t\t\t\t\t\t\tdata-dim=\"minh:0px,none,none,none;\"\n\t\t\t\t\t\t\t\tdata-actions='o:click;a:scrollbelow;sp:1000ms;e:power1.inOut;'\n\t\t\t\t\t\t\t\tdata-basealign=\"slide\"\n\t\t\t\t\t\t\t\tdata-frame_1=\"y:50px,36px,27px,16px;st:720;sp:460;sR:720;\"\n\t\t\t\t\t\t\t\tdata-frame_999=\"o:0;st:w;sR:7820;\"\n\t\t\t\t\t\t\t\tstyle=\"z-index:11;font-family:'theinhardt';\"\n\t\t\t\t\t\t\t>Politics \n\t\t\t\t\t\t\t<\/rs-layer><!--\n\n\t\t\t\t\t\t\t--><rs-layer\n\t\t\t\t\t\t\t\tid=\"slider-2-slide-2-layer-11\" \n\t\t\t\t\t\t\t\tdata-type=\"text\"\n\t\t\t\t\t\t\t\tdata-color=\"#fff\"\n\t\t\t\t\t\t\t\tdata-rsp_ch=\"on\"\n\t\t\t\t\t\t\t\tdata-xy=\"x:r;xo:40px,40px,20px,20px;y:b;yo:190px,160px,220px,110px;\"\n\t\t\t\t\t\t\t\tdata-text=\"w:normal;s:90,85,80,57;l:45,32,24,14;ls:2,1,0,0;fw:300;a:right;\"\n\t\t\t\t\t\t\t\tdata-dim=\"minh:0px,none,none,none;\"\n\t\t\t\t\t\t\t\tdata-actions='o:click;a:scrollbelow;sp:1000ms;e:power1.inOut;'\n\t\t\t\t\t\t\t\tdata-basealign=\"slide\"\n\t\t\t\t\t\t\t\tdata-frame_1=\"y:50px,36px,27px,16px;st:1170;sp:460;sR:1170;\"\n\t\t\t\t\t\t\t\tdata-frame_999=\"o:0;st:w;sR:7370;\"\n\t\t\t\t\t\t\t\tstyle=\"z-index:10;font-family:'theinhardt';\"\n\t\t\t\t\t\t\t>Communications \n\t\t\t\t\t\t\t<\/rs-layer><!--\n\n\t\t\t\t\t\t\t--><rs-layer\n\t\t\t\t\t\t\t\tid=\"slider-2-slide-2-layer-12\" \n\t\t\t\t\t\t\t\tdata-type=\"button\"\n\t\t\t\t\t\t\t\tdata-rsp_ch=\"on\"\n\t\t\t\t\t\t\t\tdata-xy=\"x:c;y:b;yo:21px,7px,16px,14px;\"\n\t\t\t\t\t\t\t\tdata-text=\"w:normal;s:70,70,60,60;l:25,53,40,24;a:left,center,center,center;\"\n\t\t\t\t\t\t\t\tdata-dim=\"w:105px,auto,auto,auto;\"\n\t\t\t\t\t\t\t\tdata-actions='o:click;a:scrollbelow;sp:1000ms;e:power1.inOut;'\n\t\t\t\t\t\t\t\tdata-basealign=\"slide\"\n\t\t\t\t\t\t\t\tdata-frame_0=\"x:0,0px,0px,0px;y:0,0px,0px,0px;\"\n\t\t\t\t\t\t\t\tdata-frame_1=\"x:0,0px,0px,0px;y:0,0px,0px,0px;e:bounce.inOut;st:2010;sp:360;sR:2010;\"\n\t\t\t\t\t\t\t\tdata-frame_999=\"o:0;st:w;sR:6630;\"\n\t\t\t\t\t\t\t\tstyle=\"z-index:9;font-family:'Roboto';\"\n\t\t\t\t\t\t\t><i class=\"material-icons\" style='font-size:60px!important;'>keyboard_arrow_down<\/i> \n\t\t\t\t\t\t\t<\/rs-layer><!--\n-->\t\t\t\t\t\t<\/rs-slide>\n\t\t\t\t\t<\/rs-slides>\n\t\t\t\t<\/rs-module>\n\t\t\t\t<script>\n\t\t\t\t\tsetREVStartSize({c: 'rev_slider_2_1',rl:[1240,1024,778,480],el:[900,767.986,960,720],gw:[1400,1024,778,480],gh:[900,768,960,720],type:'standard',justify:'',layout:'fullscreen',offsetContainer:'',offset:'',mh:\"0\"});if (window.RS_MODULES!==undefined && window.RS_MODULES.modules!==undefined && window.RS_MODULES.modules[\"revslider21\"]!==undefined) {window.RS_MODULES.modules[\"revslider21\"].once = false;window.revapi2 = undefined;if (window.RS_MODULES.checkMinimal!==undefined) window.RS_MODULES.checkMinimal()}\n\t\t\t\t<\/script>\n\t\t\t<\/rs-module-wrap>\n\t\t\t<!-- END REVOLUTION SLIDER -->\n\n\n\t\t<\/div>\n\t<\/div>\n<\/div><\/div><\/div><\/div><\/div><\/section><section class=\"vc_row wpb_row vc_row-fluid bg-light not-equal not-color\"><div class=\" container \"><div class=\"row \"><div class=\"wpb_column vc_column_container vc_col-sm-1\"><div class=\"vc_column-inner\"><div class=\"wpb_wrapper\"><\/div><\/div><\/div><div class=\"wpb_column vc_column_container vc_col-sm-3 vc_col-lg-3 vc_col-md-3 vc_col-xs-10\"><div class=\"vc_column-inner\"><div class=\"wpb_wrapper\">\n\t<div class=\"wpb_text_column wpb_content_element \" id=\"pa18\">\n\t\t<div class=\"wpb_wrapper\">\n\t\t\t<p class=\"p1\">Ich bin Journalist und Direktor des Instituts f\u00fcr Medien- und Kommunikationspolitik, eines Think Tanks zu Medien, \u00d6ffentlichkeit und Digitalisierung mit Sitz in Berlin und K\u00f6ln. Zudem berate ich ausgew\u00e4hlte Organisationen aus Zivilgesellschaft, Politik und Wirtschaft zu Fragen rund um Innovation, Strategieentwicklung und Kommunikation.<\/p>\n\n\t\t<\/div>\n\t<\/div>\n<\/div><\/div><\/div><div class=\"wpb_column vc_column_container vc_col-sm-1\"><div class=\"vc_column-inner\"><div class=\"wpb_wrapper\"><\/div><\/div><\/div><div class=\"wpb_column vc_column_container vc_col-sm-6 vc_col-lg-offset-0 vc_col-lg-6 vc_col-md-offset-0 vc_col-md-6 vc_col-sm-offset-3 vc_col-xs-offset-2 vc_col-xs-9\"><div class=\"vc_column-inner vc_custom_1607425520979\"><div class=\"wpb_wrapper\">\n\t<div  class=\"wpb_single_image wpb_content_element vc_align_left\">\n\t\t\n\t\t<figure class=\"wpb_wrapper vc_figure\">\n\t\t\t<div class=\"vc_single_image-wrapper   vc_box_border_grey\"><img loading=\"lazy\" decoding=\"async\" width=\"640\" height=\"360\" src=\"https:\/\/leonard-novy.de\/wp-content\/uploads\/2020\/11\/leonard-m100.gif\" class=\"vc_single_image-img attachment-full\" alt=\"\" title=\"leonard-m100\" \/><\/div>\n\t\t<\/figure>\n\t<\/div>\n<div class=\"tlg-spacer  \" data-height=\"20\" data-height-tablet=\"20\" data-height-mobile=\"20\" style=\"clear:both;display:block;height:20px;\"><\/div><\/div><\/div><\/div><div class=\"wpb_column vc_column_container vc_col-sm-1\"><div class=\"vc_column-inner\"><div class=\"wpb_wrapper\"><\/div><\/div><\/div><\/div><\/div><\/section><section class=\"vc_row wpb_row vc_row-fluid bg-light not-equal not-color vc_custom_1606383181120 vc_row-has-fill image-bg z-index overlay parallax\"><div class=\"background-content\"><img decoding=\"async\" alt=\"background\" class=\"background-image\" src=\"http:\/\/leonard-novy.de\/wp-content\/uploads\/2020\/11\/yellow2.png?id=7746\" \/><div style=\"display: block;background-color:rgba(255,255,255,0.01);opacity:0.85;background: linear-gradient(to right,rgba(255,255,255,0.01) 0%,rgba(255,255,255,0.01) 100%);\" class=\"background-overlay\"><\/div><\/div><div class=\" container \"><div class=\"row \"><div class=\"wpb_column vc_column_container vc_col-sm-1\"><div class=\"vc_column-inner\"><div class=\"wpb_wrapper\"><\/div><\/div><\/div><div class=\"wpb_animate_when_almost_visible wpb_fadeInLeftBig fadeInLeftBig wpb_column vc_column_container vc_col-sm-8\"><div class=\"vc_column-inner\"><div class=\"wpb_wrapper\">\n\t<div class=\"wpb_text_column wpb_content_element \" >\n\t\t<div class=\"wpb_wrapper\">\n\t\t\t<h3 class=\"p1\"><b>Politik, Strategie und <\/b><b>Kommunikation sind meine Kernthemen. Und ein verbindendes Leitmotiv meiner Arbeit:<\/b><\/h3>\n\n\t\t<\/div>\n\t<\/div>\n<\/div><\/div><\/div><div class=\"wpb_column vc_column_container vc_col-sm-5\"><div class=\"vc_column-inner\"><div class=\"wpb_wrapper\"><\/div><\/div><\/div><div class=\"wpb_animate_when_almost_visible wpb_fadeInRight fadeInRight wpb_column vc_column_container vc_col-sm-6\"><div class=\"vc_column-inner vc_custom_1606383263779\"><div class=\"wpb_wrapper\"><div class=\"tlg-spacer  \" data-height=\"80\" data-height-tablet=\"80\" data-height-mobile=\"80\" style=\"clear:both;display:block;height:80px;\"><\/div>\n\t<div class=\"wpb_text_column wpb_content_element  wpb_animate_when_almost_visible wpb_fadeInRightBig fadeInRightBig homep22\" >\n\t\t<div class=\"wpb_wrapper\">\n\t\t\t<p class=\"p1\"><i class=\"fas fa-angle-double-right\"><\/i>\u00a0 \u00a0Weil Politik in der Demokratie ohne das Kommunikative \u2013 ohne Publizit\u00e4t, Debatte und Kontrolle durch \u00f6ffentliche Meinung \u2013 nicht zu haben ist.<\/p>\n\n\t\t<\/div>\n\t<\/div>\n<div class=\"tlg-spacer  \" data-height=\"60\" data-height-tablet=\"60\" data-height-mobile=\"60\" style=\"clear:both;display:block;height:60px;\"><\/div>\n\t<div class=\"wpb_text_column wpb_content_element  wpb_animate_when_almost_visible wpb_fadeInRightBig fadeInRightBig homep22\" >\n\t\t<div class=\"wpb_wrapper\">\n\t\t\t<p class=\"p3\"><i class=\"fas fa-angle-double-right\"><\/i>\u00a0 \u00a0Weil demokratische \u00d6ffentlichkeit kein Selbstl\u00e4ufer ist, sondern ein prek\u00e4res Gut, das von bestimmten Voraussetzungen abh\u00e4ngig ist: Von einer Politik, die Vielfalt sichert und \u201eDemokratie Hacking\u201c wirksam begegnet, von starken, innovationsf\u00e4higen Medien sowie von aufgekl\u00e4rten, \u201emedienkompetenten\u201c B\u00fcrgern.<\/p>\n\n\t\t<\/div>\n\t<\/div>\n<div class=\"tlg-spacer  \" data-height=\"60\" data-height-tablet=\"60\" data-height-mobile=\"60\" style=\"clear:both;display:block;height:60px;\"><\/div>\n\t<div class=\"wpb_text_column wpb_content_element  wpb_animate_when_almost_visible wpb_fadeInRightBig fadeInRightBig homep22\" >\n\t\t<div class=\"wpb_wrapper\">\n\t\t\t<p class=\"p1\"><i class=\"fas fa-angle-double-right\"><\/i>\u00a0 \u00a0Weil selbst die besten Ideen sich nicht von selbst erkl\u00e4ren. Je komplexer ein Anliegen und je schwieriger das kommunikative Umfeld, desto wichtiger werden Strategien, die aus Fakten, Argumenten und Positionen erst wirksame Botschaften machen.<\/p>\n\n\t\t<\/div>\n\t<\/div>\n<div class=\"tlg-spacer  \" data-height=\"60\" data-height-tablet=\"60\" data-height-mobile=\"60\" style=\"clear:both;display:block;height:60px;\"><\/div><\/div><\/div><\/div><div class=\"wpb_column vc_column_container vc_col-sm-1\"><div class=\"vc_column-inner\"><div class=\"wpb_wrapper\"><\/div><\/div><\/div><\/div><\/div><\/section><section class=\"vc_row wpb_row vc_row-fluid bg-light not-equal not-color vc_custom_1606320617544 vc_row-has-fill\"><div class=\" container \"><div class=\"row \"><div class=\"wpb_column vc_column_container vc_col-sm-2\"><div class=\"vc_column-inner\"><div class=\"wpb_wrapper\"><\/div><\/div><\/div><div class=\"wpb_column vc_column_container vc_col-sm-2\"><div class=\"vc_column-inner\"><div class=\"wpb_wrapper\">\n\t<div class=\"wpb_text_column wpb_content_element \" >\n\t\t<div class=\"wpb_wrapper\">\n\t\t\t<p style=\"text-align: center;\"><strong><a href=\"http:\/\/leonard-novy.de\/bio\">BIO<\/a><\/strong><\/p>\n\n\t\t<\/div>\n\t<\/div>\n<\/div><\/div><\/div><div class=\"wpb_column vc_column_container vc_col-sm-2\"><div class=\"vc_column-inner\"><div class=\"wpb_wrapper\">\n\t<div class=\"wpb_text_column wpb_content_element \" >\n\t\t<div class=\"wpb_wrapper\">\n\t\t\t<p style=\"text-align: center;\"><strong><a href=\"http:\/\/leonard-novy.de\/texte\">TEXTE &amp; AUFTRITTE<\/a><\/strong><\/p>\n\n\t\t<\/div>\n\t<\/div>\n<\/div><\/div><\/div><div class=\"wpb_column vc_column_container vc_col-sm-2\"><div class=\"vc_column-inner\"><div class=\"wpb_wrapper\">\n\t<div class=\"wpb_text_column wpb_content_element \" >\n\t\t<div class=\"wpb_wrapper\">\n\t\t\t<p style=\"text-align: center;\"><strong><a href=\"http:\/\/leonard-novy.de\/beratung\" target=\"_blank\" rel=\"noopener noreferrer\">BERATUNG<\/a><\/strong><\/p>\n\n\t\t<\/div>\n\t<\/div>\n<\/div><\/div><\/div><div class=\"wpb_column vc_column_container vc_col-sm-2\"><div class=\"vc_column-inner\"><div class=\"wpb_wrapper\">\n\t<div class=\"wpb_text_column wpb_content_element \" >\n\t\t<div class=\"wpb_wrapper\">\n\t\t\t<p style=\"text-align: center;\"><strong><a href=\"http:\/\/leonard-novy.de\/kontakt\">KONTAKT<\/a><\/strong><\/p>\n\n\t\t<\/div>\n\t<\/div>\n<\/div><\/div><\/div><div class=\"wpb_column vc_column_container vc_col-sm-2\"><div class=\"vc_column-inner\"><div class=\"wpb_wrapper\"><\/div><\/div><\/div><div class=\"wpb_column vc_column_container vc_col-sm-8 vc_col-lg-offset-2 vc_col-md-offset-2 vc_col-sm-offset-2 vc_col-xs-offset-2 vc_col-xs-8\"><div class=\"vc_column-inner vc_custom_1606320590236\"><div class=\"wpb_wrapper\"><div class=\"tlg-spacer line \" data-height=\"0\" data-height-tablet=\"0\" data-height-mobile=\"0\" style=\"clear:both;display:block;height:0px;margin-top: 0px; margin-bottom: 0px; border-bottom-color:#afafaf;\"><\/div><\/div><\/div><\/div><\/div><\/div><\/section>\n<\/section>","protected":false},"excerpt":{"rendered":"Strategy Politics Communications keyboard_arrow_down Ich bin Journalist und Direktor des Instituts f\u00fcr Medien- und Kommunikationspolitik, eines Think Tanks zu Medien, \u00d6ffentlichkeit und Digitalisierung mit Sitz in Berlin und K\u00f6ln. Zudem berate ich ausgew\u00e4hlte Organisationen aus Zivilgesellschaft, Politik und Wirtschaft zu Fragen rund um Innovation, Strategieentwicklung und Kommunikation. Politik, Strategie und Kommunikation sind meine Kernthemen. Und...","protected":false},"author":1,"featured_media":0,"parent":0,"menu_order":0,"comment_status":"closed","ping_status":"closed","template":"","meta":{"footnotes":""},"class_list":["post-7636","page","type-page","status-publish","hentry"],"_links":{"self":[{"href":"https:\/\/leonard-novy.de\/en\/wp-json\/wp\/v2\/pages\/7636","targetHints":{"allow":["GET"]}}],"collection":[{"href":"https:\/\/leonard-novy.de\/en\/wp-json\/wp\/v2\/pages"}],"about":[{"href":"https:\/\/leonard-novy.de\/en\/wp-json\/wp\/v2\/types\/page"}],"author":[{"embeddable":true,"href":"https:\/\/leonard-novy.de\/en\/wp-json\/wp\/v2\/users\/1"}],"replies":[{"embeddable":true,"href":"https:\/\/leonard-novy.de\/en\/wp-json\/wp\/v2\/comments?post=7636"}],"version-history":[{"count":23,"href":"https:\/\/leonard-novy.de\/en\/wp-json\/wp\/v2\/pages\/7636\/revisions"}],"predecessor-version":[{"id":8607,"href":"https:\/\/leonard-novy.de\/en\/wp-json\/wp\/v2\/pages\/7636\/revisions\/8607"}],"wp:attachment":[{"href":"https:\/\/leonard-novy.de\/en\/wp-json\/wp\/v2\/media?parent=7636"}],"curies":[{"name":"wp","href":"https:\/\/api.w.org\/{rel}","templated":true}]}}